{"id":5347,"date":"2022-03-16T06:26:13","date_gmt":"2022-03-16T06:26:13","guid":{"rendered":"http:\/\/themestate.com\/demo\/geopoint\/?page_id=5347"},"modified":"2026-01-21T11:29:27","modified_gmt":"2026-01-21T11:29:27","slug":"frequently-asked-questions","status":"publish","type":"page","link":"https:\/\/www.geotech.rzeszow.pl\/en\/pages\/frequently-asked-questions\/","title":{"rendered":"Job offers at ZUG Geotech Sp. z o. o."},"content":{"rendered":"\t\t<div data-elementor-type=\"wp-page\" data-elementor-id=\"5347\" class=\"elementor elementor-5347\">\n\t\t\t\t\t\t<section class=\"elementor-section elementor-top-section elementor-element elementor-element-61da595 elementor-section-boxed elementor-section-height-default elementor-section-height-default\" data-id=\"61da595\" data-element_type=\"section\" data-e-type=\"section\" data-settings=\"{&quot;background_background&quot;:&quot;classic&quot;}\">\n\t\t\t\t\t\t<div class=\"elementor-container elementor-column-gap-no\">\n\t\t\t\t\t<div class=\"elementor-column elementor-col-100 elementor-top-column elementor-element elementor-element-4f17323\" data-id=\"4f17323\" data-element_type=\"column\" data-e-type=\"column\">\n\t\t\t<div class=\"elementor-widget-wrap elementor-element-populated\">\n\t\t\t\t\t\t<section class=\"elementor-section elementor-inner-section elementor-element elementor-element-1c7d9be elementor-section-boxed elementor-section-height-default elementor-section-height-default\" data-id=\"1c7d9be\" data-element_type=\"section\" data-e-type=\"section\">\n\t\t\t\t\t\t<div class=\"elementor-container elementor-column-gap-wide\">\n\t\t\t\t\t<div class=\"elementor-column elementor-col-50 elementor-inner-column elementor-element elementor-element-3520b90\" data-id=\"3520b90\" data-element_type=\"column\" data-e-type=\"column\">\n\t\t\t<div class=\"elementor-widget-wrap elementor-element-populated\">\n\t\t\t\t\t\t<div class=\"elementor-element elementor-element-b020828 elementor-widget__width-initial elementor-widget elementor-widget-heading\" data-id=\"b020828\" data-element_type=\"widget\" data-e-type=\"widget\" data-widget_type=\"heading.default\">\n\t\t\t\t<div class=\"elementor-widget-container\">\n\t\t\t\t\t<h2 class=\"elementor-heading-title elementor-size-large\">Do\u0142\u0105cz do lidera bran\u017cy geologicznej<\/h2>\t\t\t\t<\/div>\n\t\t\t\t<\/div>\n\t\t\t\t<div class=\"elementor-element elementor-element-9494f75 elementor-widget elementor-widget-heading\" data-id=\"9494f75\" data-element_type=\"widget\" data-e-type=\"widget\" data-widget_type=\"heading.default\">\n\t\t\t\t<div class=\"elementor-widget-container\">\n\t\t\t\t\t<h4 class=\"elementor-heading-title elementor-size-default\">Aktualnie poszukujemy os\u00f3b na stanowiska:<\/h4>\t\t\t\t<\/div>\n\t\t\t\t<\/div>\n\t\t\t\t\t<\/div>\n\t\t<\/div>\n\t\t\t\t<div class=\"elementor-column elementor-col-50 elementor-inner-column elementor-element elementor-element-124a619\" data-id=\"124a619\" data-element_type=\"column\" data-e-type=\"column\">\n\t\t\t<div class=\"elementor-widget-wrap\">\n\t\t\t\t\t\t\t<\/div>\n\t\t<\/div>\n\t\t\t\t\t<\/div>\n\t\t<\/section>\n\t\t\t\t<section class=\"elementor-section elementor-inner-section elementor-element elementor-element-89d84a9 elementor-section-boxed elementor-section-height-default elementor-section-height-default\" data-id=\"89d84a9\" data-element_type=\"section\" data-e-type=\"section\">\n\t\t\t\t\t\t<div class=\"elementor-container elementor-column-gap-wide\">\n\t\t\t\t\t<div class=\"elementor-column elementor-col-50 elementor-inner-column elementor-element elementor-element-f456f60\" data-id=\"f456f60\" data-element_type=\"column\" data-e-type=\"column\">\n\t\t\t<div class=\"elementor-widget-wrap elementor-element-populated\">\n\t\t\t\t\t\t<div class=\"elementor-element elementor-element-0f767b2 elementor-icon-list--layout-traditional elementor-list-item-link-full_width elementor-widget elementor-widget-icon-list\" data-id=\"0f767b2\" data-element_type=\"widget\" data-e-type=\"widget\" data-widget_type=\"icon-list.default\">\n\t\t\t\t<div class=\"elementor-widget-container\">\n\t\t\t\t\t\t\t<ul class=\"elementor-icon-list-items\">\n\t\t\t\t\t\t\t<li class=\"elementor-icon-list-item\">\n\t\t\t\t\t\t\t\t\t\t\t<a href=\"https:\/\/www.geotech.rzeszow.pl\/2026\/01\/20\/geolog-dokumentator\/\">\n\n\t\t\t\t\t\t\t\t\t\t\t<span class=\"elementor-icon-list-text\">\ud83c\udf0d GEOLOG DOKUMENTATOR \u27a1\ufe0f<\/span>\n\t\t\t\t\t\t\t\t\t\t\t<\/a>\n\t\t\t\t\t\t\t\t\t<\/li>\n\t\t\t\t\t\t\t\t<li class=\"elementor-icon-list-item\">\n\t\t\t\t\t\t\t\t\t\t\t<a href=\"https:\/\/www.geotech.rzeszow.pl\/2026\/01\/20\/asystent-geologa\/\">\n\n\t\t\t\t\t\t\t\t\t\t\t<span class=\"elementor-icon-list-text\">\ud83d\udc65 ASYSTENT GEOLOGA DOKUMENTATORA\u27a1\ufe0f <\/span>\n\t\t\t\t\t\t\t\t\t\t\t<\/a>\n\t\t\t\t\t\t\t\t\t<\/li>\n\t\t\t\t\t\t\t\t<li class=\"elementor-icon-list-item\">\n\t\t\t\t\t\t\t\t\t\t\t<a href=\"https:\/\/www.geotech.rzeszow.pl\/2026\/01\/20\/operator-wiertnicy\/\">\n\n\t\t\t\t\t\t\t\t\t\t\t\t<span class=\"elementor-icon-list-icon\">\n\t\t\t\t\t\t\t<svg aria-hidden=\"true\" class=\"e-font-icon-svg e-fas-snowplow\" viewBox=\"0 0 640 512\" xmlns=\"http:\/\/www.w3.org\/2000\/svg\"><path d=\"M120 376c-13.3 0-24 10.7-24 24s10.7 24 24 24 24-10.7 24-24-10.7-24-24-24zm80 0c-13.3 0-24 10.7-24 24s10.7 24 24 24 24-10.7 24-24-10.7-24-24-24zm80 0c-13.3 0-24 10.7-24 24s10.7 24 24 24 24-10.7 24-24-10.7-24-24-24zm80 0c-13.3 0-24 10.7-24 24s10.7 24 24 24 24-10.7 24-24-10.7-24-24-24zm238.6 49.4c-14.5-14.5-22.6-34.1-22.6-54.6V269.2c0-20.5 8.1-40.1 22.6-54.6l36.7-36.7c6.2-6.2 6.2-16.4 0-22.6l-22.6-22.6c-6.2-6.2-16.4-6.2-22.6 0l-36.7 36.7c-26.5 26.5-41.4 62.4-41.4 99.9V288h-64v-50.9c0-8.7-1.8-17.2-5.2-25.2L364.5 29.1C356.9 11.4 339.6 0 320.3 0H176c-26.5 0-48 21.5-48 48v112h-16c-26.5 0-48 21.5-48 48v91.2C26.3 317.2 0 355.4 0 400c0 61.9 50.1 112 112 112h256c61.9 0 112-50.1 112-112 0-17.3-4.2-33.4-11.2-48H512v18.7c0 37.5 14.9 73.4 41.4 99.9l36.7 36.7c6.2 6.2 16.4 6.2 22.6 0l22.6-22.6c6.2-6.2 6.2-16.4 0-22.6l-36.7-36.7zM192 64h117.8l68.6 160H256l-64-64V64zm176 384H112c-26.5 0-48-21.5-48-48s21.5-48 48-48h256c26.5 0 48 21.5 48 48s-21.5 48-48 48z\"><\/path><\/svg>\t\t\t\t\t\t<\/span>\n\t\t\t\t\t\t\t\t\t\t<span class=\"elementor-icon-list-text\">OPERATOR WIERTNICY\u27a1\ufe0f<\/span>\n\t\t\t\t\t\t\t\t\t\t\t<\/a>\n\t\t\t\t\t\t\t\t\t<\/li>\n\t\t\t\t\t\t\t\t<li class=\"elementor-icon-list-item\">\n\t\t\t\t\t\t\t\t\t\t\t<a href=\"https:\/\/www.geotech.rzeszow.pl\/2026\/01\/20\/pomocnik-operatora-wiertnicy\/\">\n\n\t\t\t\t\t\t\t\t\t\t\t<span class=\"elementor-icon-list-text\">\ud83d\udee0\ufe0f POMOCNIK OPERATORA WIERTNICY\u27a1\ufe0f<\/span>\n\t\t\t\t\t\t\t\t\t\t\t<\/a>\n\t\t\t\t\t\t\t\t\t<\/li>\n\t\t\t\t\t\t\t\t<li class=\"elementor-icon-list-item\">\n\t\t\t\t\t\t\t\t\t\t\t<a href=\"https:\/\/www.geotech.rzeszow.pl\/2026\/01\/20\/geolog-dozoru\/\">\n\n\t\t\t\t\t\t\t\t\t\t\t<span class=\"elementor-icon-list-text\">\ud83d\udc68\u200d\ud83d\udd2c GEOLOG DOZORU\u27a1\ufe0f<\/span>\n\t\t\t\t\t\t\t\t\t\t\t<\/a>\n\t\t\t\t\t\t\t\t\t<\/li>\n\t\t\t\t\t\t<\/ul>\n\t\t\t\t\t\t<\/div>\n\t\t\t\t<\/div>\n\t\t\t\t\t<\/div>\n\t\t<\/div>\n\t\t\t\t<div class=\"elementor-column elementor-col-50 elementor-inner-column elementor-element elementor-element-b6fdacb\" data-id=\"b6fdacb\" data-element_type=\"column\" data-e-type=\"column\">\n\t\t\t<div class=\"elementor-widget-wrap elementor-element-populated\">\n\t\t\t\t\t\t<div class=\"elementor-element elementor-element-13c395f elementor-icon-list--layout-traditional elementor-list-item-link-full_width elementor-widget elementor-widget-icon-list\" data-id=\"13c395f\" data-element_type=\"widget\" data-e-type=\"widget\" data-widget_type=\"icon-list.default\">\n\t\t\t\t<div class=\"elementor-widget-container\">\n\t\t\t\t\t\t\t<ul class=\"elementor-icon-list-items\">\n\t\t\t\t\t\t\t<li class=\"elementor-icon-list-item\">\n\t\t\t\t\t\t\t\t\t\t\t<a href=\"https:\/\/www.geotech.rzeszow.pl\/2026\/01\/21\/pracownik-laboratorium-mechaniki-gruntow\/\">\n\n\t\t\t\t\t\t\t\t\t\t\t<span class=\"elementor-icon-list-text\">\ud83d\udd2c PRACOWNIK LABORATORIUM MECHANIKI GRUNT\u00d3W | Specjalista bada\u0144\u27a1\ufe0f<\/span>\n\t\t\t\t\t\t\t\t\t\t\t<\/a>\n\t\t\t\t\t\t\t\t\t<\/li>\n\t\t\t\t\t\t<\/ul>\n\t\t\t\t\t\t<\/div>\n\t\t\t\t<\/div>\n\t\t\t\t\t<\/div>\n\t\t<\/div>\n\t\t\t\t\t<\/div>\n\t\t<\/section>\n\t\t\t\t<section class=\"elementor-section elementor-inner-section elementor-element elementor-element-2354272 elementor-section-boxed elementor-section-height-default elementor-section-height-default\" data-id=\"2354272\" data-element_type=\"section\" data-e-type=\"section\">\n\t\t\t\t\t\t<div class=\"elementor-container elementor-column-gap-wide\">\n\t\t\t\t\t<div class=\"elementor-column elementor-col-50 elementor-inner-column elementor-element elementor-element-83f4329\" data-id=\"83f4329\" data-element_type=\"column\" data-e-type=\"column\">\n\t\t\t<div class=\"elementor-widget-wrap elementor-element-populated\">\n\t\t\t\t\t\t<div class=\"elementor-element elementor-element-d4d24db elementor-widget elementor-widget-heading\" data-id=\"d4d24db\" data-element_type=\"widget\" data-e-type=\"widget\" data-widget_type=\"heading.default\">\n\t\t\t\t<div class=\"elementor-widget-container\">\n\t\t\t\t\t<h2 class=\"elementor-heading-title elementor-size-xl\">Jak aplikowa\u0107?<\/h2>\t\t\t\t<\/div>\n\t\t\t\t<\/div>\n\t\t\t\t\t<\/div>\n\t\t<\/div>\n\t\t\t\t<div class=\"elementor-column elementor-col-50 elementor-inner-column elementor-element elementor-element-2529e1d\" data-id=\"2529e1d\" data-element_type=\"column\" data-e-type=\"column\">\n\t\t\t<div class=\"elementor-widget-wrap\">\n\t\t\t\t\t\t\t<\/div>\n\t\t<\/div>\n\t\t\t\t\t<\/div>\n\t\t<\/section>\n\t\t\t\t<section class=\"elementor-section elementor-inner-section elementor-element elementor-element-4a074d5 elementor-section-boxed elementor-section-height-default elementor-section-height-default\" data-id=\"4a074d5\" data-element_type=\"section\" data-e-type=\"section\">\n\t\t\t\t\t\t<div class=\"elementor-container elementor-column-gap-wide\">\n\t\t\t\t\t<div class=\"elementor-column elementor-col-50 elementor-inner-column elementor-element elementor-element-fba768c\" data-id=\"fba768c\" data-element_type=\"column\" data-e-type=\"column\">\n\t\t\t<div class=\"elementor-widget-wrap elementor-element-populated\">\n\t\t\t\t\t\t<div class=\"elementor-element elementor-element-fbf0444 elementor-invisible elementor-widget elementor-widget-toggle\" data-id=\"fbf0444\" data-element_type=\"widget\" data-e-type=\"widget\" data-settings=\"{&quot;_animation&quot;:&quot;fadeInDown&quot;}\" data-widget_type=\"toggle.default\">\n\t\t\t\t<div class=\"elementor-widget-container\">\n\t\t\t\t\t\t\t<div class=\"elementor-toggle\">\n\t\t\t\t\t\t\t<div class=\"elementor-toggle-item\">\n\t\t\t\t\t<div id=\"elementor-tab-title-2641\" class=\"elementor-tab-title\" data-tab=\"1\" role=\"button\" aria-controls=\"elementor-tab-content-2641\" aria-expanded=\"false\">\n\t\t\t\t\t\t\t\t\t\t\t\t<span class=\"elementor-toggle-icon elementor-toggle-icon-right\" aria-hidden=\"true\">\n\t\t\t\t\t\t\t\t\t\t\t\t\t\t\t<span class=\"elementor-toggle-icon-closed\"><svg class=\"e-font-icon-svg e-fas-caret-right\" viewBox=\"0 0 192 512\" xmlns=\"http:\/\/www.w3.org\/2000\/svg\"><path d=\"M0 384.662V127.338c0-17.818 21.543-26.741 34.142-14.142l128.662 128.662c7.81 7.81 7.81 20.474 0 28.284L34.142 398.804C21.543 411.404 0 402.48 0 384.662z\"><\/path><\/svg><\/span>\n\t\t\t\t\t\t\t\t<span class=\"elementor-toggle-icon-opened\"><svg class=\"elementor-toggle-icon-opened e-font-icon-svg e-fas-caret-up\" viewBox=\"0 0 320 512\" xmlns=\"http:\/\/www.w3.org\/2000\/svg\"><path d=\"M288.662 352H31.338c-17.818 0-26.741-21.543-14.142-34.142l128.662-128.662c7.81-7.81 20.474-7.81 28.284 0l128.662 128.662c12.6 12.599 3.676 34.142-14.142 34.142z\"><\/path><\/svg><\/span>\n\t\t\t\t\t\t\t\t\t\t\t\t\t<\/span>\n\t\t\t\t\t\t\t\t\t\t\t\t<a class=\"elementor-toggle-title\" tabindex=\"0\">Wy\u015blij CV na adres: biuro@geotech.rzeszow.pl<\/a>\n\t\t\t\t\t<\/div>\n\n\t\t\t\t\t<div id=\"elementor-tab-content-2641\" class=\"elementor-tab-content elementor-clearfix\" data-tab=\"1\" role=\"region\" aria-labelledby=\"elementor-tab-title-2641\"><ol><li>W tytule wiadomo\u015bci wpisz nazw\u0119 stanowiska<\/li><li class=\"whitespace-normal break-words\">Do\u0142\u0105cz klauzul\u0119: &#8222;Wyra\u017cam zgod\u0119 na przetwarzanie moich danych osobowych przez Z.U.G. Geotech Sp. z o.o. w celach rekrutacji.&#8221;<\/li><li class=\"whitespace-normal break-words\">Dodaj zgod\u0119 na przysz\u0142e rekrutacje: &#8222;Wyra\u017cam zgod\u0119 na przetwarzanie moich danych osobowych przez Z.U.G. Geotech Sp. z o.o. w celach przysz\u0142ych rekrutacji.&#8221;<\/li><\/ol><\/div>\n\t\t\t\t<\/div>\n\t\t\t\t\t\t\t\t\t\t<script type=\"application\/ld+json\">{\"@context\":\"https:\\\/\\\/schema.org\",\"@type\":\"FAQPage\",\"mainEntity\":[{\"@type\":\"Question\",\"name\":\"Wy\\u015blij CV na adres: biuro@geotech.rzeszow.pl\",\"acceptedAnswer\":{\"@type\":\"Answer\",\"text\":\"<ol><li>W tytule wiadomo\\u015bci wpisz nazw\\u0119 stanowiska<\\\/li><li class=\\\"whitespace-normal break-words\\\">Do\\u0142\\u0105cz klauzul\\u0119: &#8222;Wyra\\u017cam zgod\\u0119 na przetwarzanie moich danych osobowych przez Z.U.G. Geotech Sp. z o.o. w celach rekrutacji.&#8221;<\\\/li><li class=\\\"whitespace-normal break-words\\\">Dodaj zgod\\u0119 na przysz\\u0142e rekrutacje: &#8222;Wyra\\u017cam zgod\\u0119 na przetwarzanie moich danych osobowych przez Z.U.G. Geotech Sp. z o.o. w celach przysz\\u0142ych rekrutacji.&#8221;<\\\/li><\\\/ol>\"}}]}<\/script>\n\t\t\t\t\t<\/div>\n\t\t\t\t\t\t<\/div>\n\t\t\t\t<\/div>\n\t\t\t\t\t<\/div>\n\t\t<\/div>\n\t\t\t\t<div class=\"elementor-column elementor-col-50 elementor-inner-column elementor-element elementor-element-a5c7506\" data-id=\"a5c7506\" data-element_type=\"column\" data-e-type=\"column\">\n\t\t\t<div class=\"elementor-widget-wrap\">\n\t\t\t\t\t\t\t<\/div>\n\t\t<\/div>\n\t\t\t\t\t<\/div>\n\t\t<\/section>\n\t\t\t\t<section class=\"elementor-section elementor-inner-section elementor-element elementor-element-600f32c elementor-section-boxed elementor-section-height-default elementor-section-height-default\" data-id=\"600f32c\" data-element_type=\"section\" data-e-type=\"section\">\n\t\t\t\t\t\t<div class=\"elementor-container elementor-column-gap-wide\">\n\t\t\t\t\t<div class=\"elementor-column elementor-col-33 elementor-inner-column elementor-element elementor-element-c8409db\" data-id=\"c8409db\" data-element_type=\"column\" data-e-type=\"column\">\n\t\t\t<div class=\"elementor-widget-wrap\">\n\t\t\t\t\t\t\t<\/div>\n\t\t<\/div>\n\t\t\t\t<div class=\"elementor-column elementor-col-33 elementor-inner-column elementor-element elementor-element-cf086ab\" data-id=\"cf086ab\" data-element_type=\"column\" data-e-type=\"column\">\n\t\t\t<div class=\"elementor-widget-wrap elementor-element-populated\">\n\t\t\t\t\t\t<div class=\"elementor-element elementor-element-67f87a1 elementor-widget elementor-widget-heading\" data-id=\"67f87a1\" data-element_type=\"widget\" data-e-type=\"widget\" data-widget_type=\"heading.default\">\n\t\t\t\t<div class=\"elementor-widget-container\">\n\t\t\t\t\t<p class=\"elementor-heading-title elementor-size-default\">Z.U.G. Geotech Sp. z o.o. - Tw\u00f3j partner w rozwoju kariery geologicznej<\/p>\t\t\t\t<\/div>\n\t\t\t\t<\/div>\n\t\t\t\t<div class=\"elementor-element elementor-element-dc70ada elementor-align-justify elementor-widget elementor-widget-button\" data-id=\"dc70ada\" data-element_type=\"widget\" data-e-type=\"widget\" data-widget_type=\"button.default\">\n\t\t\t\t<div class=\"elementor-widget-container\">\n\t\t\t\t\t\t\t\t\t<div class=\"elementor-button-wrapper\">\n\t\t\t\t\t<a class=\"elementor-button elementor-button-link elementor-size-xl\" href=\"mailto:biuro@geotech.rzeszow.plbiuro@geotech.rzeszow.p\" target=\"_blank\">\n\t\t\t\t\t\t<span class=\"elementor-button-content-wrapper\">\n\t\t\t\t\t\t\t\t\t<span class=\"elementor-button-text\">Wy\u015blij CV<\/span>\n\t\t\t\t\t<\/span>\n\t\t\t\t\t<\/a>\n\t\t\t\t<\/div>\n\t\t\t\t\t\t\t\t<\/div>\n\t\t\t\t<\/div>\n\t\t\t\t<div class=\"elementor-element elementor-element-bdf6d13 elementor-widget elementor-widget-heading\" data-id=\"bdf6d13\" data-element_type=\"widget\" data-e-type=\"widget\" data-widget_type=\"heading.default\">\n\t\t\t\t<div class=\"elementor-widget-container\">\n\t\t\t\t\t<p class=\"elementor-heading-title elementor-size-default\">Skontaktuj si\u0119 z nami, a my odpowiemy najszybciej jak to mo\u017cliwe.<br><\/p>\t\t\t\t<\/div>\n\t\t\t\t<\/div>\n\t\t\t\t\t<\/div>\n\t\t<\/div>\n\t\t\t\t<div class=\"elementor-column elementor-col-33 elementor-inner-column elementor-element elementor-element-15a73ba\" data-id=\"15a73ba\" data-element_type=\"column\" data-e-type=\"column\">\n\t\t\t<div class=\"elementor-widget-wrap\">\n\t\t\t\t\t\t\t<\/div>\n\t\t<\/div>\n\t\t\t\t\t<\/div>\n\t\t<\/section>\n\t\t\t\t\t<\/div>\n\t\t<\/div>\n\t\t\t\t\t<\/div>\n\t\t<\/section>\n\t\t\t\t<\/div>\n\t\t","protected":false},"excerpt":{"rendered":"<div class=\"tmnf_excerpt\"><p>Do\u0142\u0105cz do lidera bran\u017cy geologicznej Aktualnie poszukujemy os\u00f3b na stanowiska: \ud83c\udf0d GEOLOG DOKUMENTATOR \u27a1\ufe0f \ud83d\udc65 ASYSTENT GEOLOGA DOKUMENTATORA\u27a1\ufe0f OPERATOR WIERTNICY\u27a1\ufe0f \ud83d\udee0\ufe0f POMOCNIK OPERATORA WIERTNICY\u27a1\ufe0f \ud83d\udc68\u200d\ud83d\udd2c GEOLOG DOZORU\u27a1\ufe0f \ud83d\udd2c PRACOWNIK LABORATORIUM MECHANIKI GRUNT\u00d3W | Specjalista bada\u0144\u27a1\ufe0f Jak aplikowa\u0107? Wy\u015blij CV na adres: biuro@geotech.rzeszow.pl W tytule wiadomo\u015bci wpisz nazw\u0119 stanowiska Do\u0142\u0105cz klauzul\u0119: &#8222;Wyra\u017cam zgod\u0119 na przetwarzanie moich &hellip;<\/p>\n<\/div>","protected":false},"author":1,"featured_media":0,"parent":892,"menu_order":0,"comment_status":"closed","ping_status":"closed","template":"template-fullwidth-alt.php","meta":{"_monsterinsights_skip_tracking":false,"_monsterinsights_sitenote_active":false,"_monsterinsights_sitenote_note":"","_monsterinsights_sitenote_category":0,"footnotes":""},"class_list":["post-5347","page","type-page","status-publish","hentry"],"aioseo_notices":[],"_links":{"self":[{"href":"https:\/\/www.geotech.rzeszow.pl\/en\/wp-json\/wp\/v2\/pages\/5347","targetHints":{"allow":["GET"]}}],"collection":[{"href":"https:\/\/www.geotech.rzeszow.pl\/en\/wp-json\/wp\/v2\/pages"}],"about":[{"href":"https:\/\/www.geotech.rzeszow.pl\/en\/wp-json\/wp\/v2\/types\/page"}],"author":[{"embeddable":true,"href":"https:\/\/www.geotech.rzeszow.pl\/en\/wp-json\/wp\/v2\/users\/1"}],"replies":[{"embeddable":true,"href":"https:\/\/www.geotech.rzeszow.pl\/en\/wp-json\/wp\/v2\/comments?post=5347"}],"version-history":[{"count":60,"href":"https:\/\/www.geotech.rzeszow.pl\/en\/wp-json\/wp\/v2\/pages\/5347\/revisions"}],"predecessor-version":[{"id":7016,"href":"https:\/\/www.geotech.rzeszow.pl\/en\/wp-json\/wp\/v2\/pages\/5347\/revisions\/7016"}],"up":[{"embeddable":true,"href":"https:\/\/www.geotech.rzeszow.pl\/en\/wp-json\/wp\/v2\/pages\/892"}],"wp:attachment":[{"href":"https:\/\/www.geotech.rzeszow.pl\/en\/wp-json\/wp\/v2\/media?parent=5347"}],"curies":[{"name":"wp","href":"https:\/\/api.w.org\/{rel}","templated":true}]}}